{"id":137,"date":"2010-01-12T22:04:07","date_gmt":"2010-01-13T01:04:07","guid":{"rendered":"http:\/\/www.ligavpg.com\/blog\/?page_id=137"},"modified":"2021-01-05T16:58:27","modified_gmt":"2021-01-05T19:58:27","slug":"iniciantes","status":"publish","type":"page","link":"https:\/\/www.ligavpg.com\/blog\/iniciantes\/","title":{"rendered":"Iniciantes"},"content":{"rendered":"<p>&nbsp;<\/p>\n<p style=\"text-align: center;\"><img fetchpriority=\"high\" decoding=\"async\" class=\"aligncenter wp-image-3467\" title=\"LigaVPG\" src=\"http:\/\/www.ligavpg.com\/blog\/wp-content\/uploads\/T1-2011-pro1.jpg\" alt=\"\" width=\"800\" height=\"492\" srcset=\"https:\/\/www.ligavpg.com\/blog\/wp-content\/uploads\/T1-2011-pro1.jpg 650w, https:\/\/www.ligavpg.com\/blog\/wp-content\/uploads\/T1-2011-pro1-300x184.jpg 300w\" sizes=\"(max-width: 800px) 100vw, 800px\" \/><\/p>\n<h2 style=\"text-align: center;\"><strong style=\"font-size: 1em; line-height: 1.5em;\">Primeiros passos de um iniciante<\/strong><\/h2>\n<h4 style=\"text-align: center;\"><span style=\"color: #000000;\">\u00a0<\/span><\/h4>\n<p style=\"text-align: justify;\"><strong>O que \u00e9 preciso para participar?<\/strong><\/p>\n<p style=\"text-align: justify;\">Para come\u00e7ar a participar, o futuro piloto virtual precisa ter um bom volante com pedaleira, um micro com placa de v\u00eddeo, internet banda larga e um pouco de tempo livre para treinar no simulador<strong>.<\/strong><\/p>\n<p style=\"text-align: justify;\"><strong>Em detalhes os requisitos m\u00ednimos s\u00e3o:<br \/>\n<\/strong><strong>\u00a0<\/strong><\/p>\n<ul style=\"text-align: justify;\">\n<li>Um computador com processamento m\u00ednimo de 2.0 Ghz e 4 GB de RAM;<\/li>\n<li>Uma placa de v\u00eddeo aceleradora 3D;<\/li>\n<li>Uma conex\u00e3o banda larga com a Internet;<\/li>\n<li>Um volante com pedal, de prefer\u00eancia com Force FeedBack;<\/li>\n<\/ul>\n<p style=\"text-align: justify;\">Com estes itens, voc\u00ea j\u00e1 estar\u00e1 pronto para participar de uma corrida virtual. Voc\u00ea pode at\u00e9 achar que \u00e9 um investimento alto, mas lembre-se, isso n\u00e3o \u00e9 apenas um &#8220;joguinho&#8221;, pode-se dizer que \u00e9 um hobby (bem mais barato que muitos), e voc\u00ea ser\u00e1 um piloto virtual com carreira e reconhecimento.<\/p>\n<p style=\"text-align: justify;\"><strong>O pr\u00f3ximo passo \u00e9 se registrar como piloto. Na Liga VPG, em poucos passos voc\u00ea estar\u00e1 apto a participar de um campeonato:<\/strong><\/p>\n<ol style=\"text-align: justify;\">\n<li><strong>\u00a0<\/strong>Voc\u00ea deve preencher a \u00e1rea <a href=\"..\/..\/forum_vpg\/index.php?topic=293.0\" target=\"_blank\" rel=\"noopener noreferrer\">APRESENTA\u00c7\u00c3O<\/a> do nosso f\u00f3rum, apresentando seu perfil e contando um pouco da sua experi\u00eancia ou n\u00e3o no Automobilismo Virtual;<\/li>\n<li>Escolher uma n\u00famera\u00e7\u00e3o para correr na <a href=\"..\/..\/forum_vpg\/index.php?topic=2130.0\" target=\"_blank\" rel=\"noopener noreferrer\">TABELA<\/a> de n\u00fameros usados pelos pilotos nos campeonatos da Liga VPG;<\/li>\n<li>Solicitar a participa\u00e7\u00e3o em algum campeonato no <a href=\"..\/..\/forum_vpg\/index.php\" target=\"_blank\" rel=\"noopener noreferrer\">F\u00d3RUM<\/a> informando o seu n\u00famero escolhido e o carro que gostaria de usar.<\/li>\n<li>Ap\u00f3s ser autorizado pela administra\u00e7\u00e3o e devidamente inscrito no f\u00f3rum do campeonato solicitado, voc\u00ea deve concretizar sua inscri\u00e7\u00e3o, se cadastrando no nosso sistema de gerenciamento de pilotos <a href=\"http:\/\/www.ligavpg.com.br\/\" target=\"_blank\" rel=\"noopener noreferrer\">SLS &#8211; Simracing League System.<\/a><\/li>\n<\/ol>\n<p style=\"text-align: justify;\">Agora voc\u00ea esta apto a participar de nossos campeonatos e ter uma carreira virtual. Espero ter ajudado voc\u00ea a se informar um pouco sobre como fazer parte deste fant\u00e1stico mundo virtual. Caso existam d\u00favidas, utilize o nosso f\u00f3rum para fazer qualquer pergunta.<\/p>\n<p>&nbsp;<\/p>\n<p><strong>Saiba mais sobre automobilismo virtual <a href=\"http:\/\/www.ligavpg.com\/blog\/?page_id=3459\">&lt;&lt;clicando aqui&gt;&gt;<\/a><\/strong><\/p>\n<p style=\"text-align: justify;\"><strong><br \/>\nAbra\u00e7os da equipe VPG<\/strong><\/p>\n","protected":false},"excerpt":{"rendered":"<p>&nbsp; Primeiros passos de um iniciante \u00a0 O que \u00e9 preciso para participar? Para come\u00e7ar a participar, o futuro piloto virtual precisa ter um bom volante com pedaleira, um micro com placa de v\u00eddeo, internet banda larga e um pouco de tempo livre para treinar no simulador. Em detalhes os requisitos m\u00ednimos s\u00e3o: \u00a0 Um [&hellip;]<\/p>\n","protected":false},"author":1,"featured_media":0,"parent":0,"menu_order":2,"comment_status":"closed","ping_status":"open","template":"","meta":{"_monsterinsights_skip_tracking":false,"_monsterinsights_sitenote_active":false,"_monsterinsights_sitenote_note":"","_monsterinsights_sitenote_category":0,"footnotes":""},"class_list":["post-137","page","type-page","status-publish","hentry"],"_links":{"self":[{"href":"https:\/\/www.ligavpg.com\/blog\/wp-json\/wp\/v2\/pages\/137","targetHints":{"allow":["GET"]}}],"collection":[{"href":"https:\/\/www.ligavpg.com\/blog\/wp-json\/wp\/v2\/pages"}],"about":[{"href":"https:\/\/www.ligavpg.com\/blog\/wp-json\/wp\/v2\/types\/page"}],"author":[{"embeddable":true,"href":"https:\/\/www.ligavpg.com\/blog\/wp-json\/wp\/v2\/users\/1"}],"replies":[{"embeddable":true,"href":"https:\/\/www.ligavpg.com\/blog\/wp-json\/wp\/v2\/comments?post=137"}],"version-history":[{"count":33,"href":"https:\/\/www.ligavpg.com\/blog\/wp-json\/wp\/v2\/pages\/137\/revisions"}],"predecessor-version":[{"id":14950,"href":"https:\/\/www.ligavpg.com\/blog\/wp-json\/wp\/v2\/pages\/137\/revisions\/14950"}],"wp:attachment":[{"href":"https:\/\/www.ligavpg.com\/blog\/wp-json\/wp\/v2\/media?parent=137"}],"curies":[{"name":"wp","href":"https:\/\/api.w.org\/{rel}","templated":true}]}}