{"id":6200,"date":"2014-01-08T22:03:46","date_gmt":"2014-01-09T01:03:46","guid":{"rendered":"http:\/\/www.ligavpg.com\/blog\/?page_id=6200"},"modified":"2015-02-07T16:07:30","modified_gmt":"2015-02-07T19:07:30","slug":"sls-gerenciamento-de-pilotos","status":"publish","type":"page","link":"https:\/\/www.ligavpg.com\/blog\/sls-gerenciamento-de-pilotos\/","title":{"rendered":"SLS &#8211; Gerenciamento de Pilotos"},"content":{"rendered":"<table class=\"table-bordered\" align=\"center\">\n<thead>\n<tr>\n<th colspan=\"2\">\n<h4>O que \u00e9 SLS?<\/h4>\n<\/th>\n<\/tr>\n<\/thead>\n<tbody>\n<tr>\n<td style=\"text-align: justify;\"><strong>Simracing League System (SLS)<\/strong> \u00e9 uma aplica\u00e7\u00e3o para a gest\u00e3o de ligas. Ele \u00e9 projetado como uma aplica\u00e7\u00e3o web,\u00a0tornando mais f\u00e1cil para a comunidade mundial de pilotos virtuais usar todos os recursos apenas por meio de um navegador de Internet.Ele pode armazenar uma grande quantidade de dados bin\u00e1rios, como pinturas de carros(Skins), fotos de pilotos, arquivos de resultados de corrida e muito mais.O SLS inclui a fun\u00e7\u00e3o LiveView que pode mostrar as posi\u00e7\u00f5es atuais dos pilotos durante todos os eventos iniciados por um aplicativo (SIM), que gere\u00a0resultados ao vivo.<strong>Para se tornar um piloto virtual da Liga VPG, \u00e9 necess\u00e1rio se cadastrar no SLS:<\/strong><\/td>\n<td style=\"text-align: center;\"><a title=\"Tela Cheia\" href=\"http:\/\/www.ligavpg.com\/sls\/\" target=\"_blank\"><img decoding=\"async\" style=\"vertical-align: middle;\" title=\"Tela Cheia\" src=\"http:\/\/www.ligavpg.com\/blog\/wp-content\/uploads\/icon-fullscreen.png\" alt=\"Tela Cheia\" width=\"45\" height=\"45\" \/><\/a><br \/>\nTela Cheia<\/td>\n<\/tr>\n<\/tbody>\n<\/table>\n<table class=\"table-bordered\" align=\"center\">\n<tbody>\n<tr>\n<td>\n<p align=\"center\"><iframe id=\"the_iframe\" src=\"http:\/\/www.ligavpg.com\/sls\/\" width=\"1000\" height=\"1800\" frameborder=\"0\" scrolling=\"no\"><\/iframe><\/p>\n<\/td>\n<\/tr>\n<\/tbody>\n<\/table>\n<p>&nbsp;<\/p>\n","protected":false},"excerpt":{"rendered":"<p>O que \u00e9 SLS? Simracing League System (SLS) \u00e9 uma aplica\u00e7\u00e3o para a gest\u00e3o de ligas. Ele \u00e9 projetado como uma aplica\u00e7\u00e3o web,\u00a0tornando mais f\u00e1cil para a comunidade mundial de pilotos virtuais usar todos os recursos apenas por meio de um navegador de Internet.Ele pode armazenar uma grande quantidade de dados bin\u00e1rios, como pinturas de [&hellip;]<\/p>\n","protected":false},"author":7,"featured_media":0,"parent":0,"menu_order":0,"comment_status":"open","ping_status":"open","template":"","meta":{"_monsterinsights_skip_tracking":false,"_monsterinsights_sitenote_active":false,"_monsterinsights_sitenote_note":"","_monsterinsights_sitenote_category":0,"footnotes":""},"class_list":["post-6200","page","type-page","status-publish","hentry"],"_links":{"self":[{"href":"https:\/\/www.ligavpg.com\/blog\/wp-json\/wp\/v2\/pages\/6200","targetHints":{"allow":["GET"]}}],"collection":[{"href":"https:\/\/www.ligavpg.com\/blog\/wp-json\/wp\/v2\/pages"}],"about":[{"href":"https:\/\/www.ligavpg.com\/blog\/wp-json\/wp\/v2\/types\/page"}],"author":[{"embeddable":true,"href":"https:\/\/www.ligavpg.com\/blog\/wp-json\/wp\/v2\/users\/7"}],"replies":[{"embeddable":true,"href":"https:\/\/www.ligavpg.com\/blog\/wp-json\/wp\/v2\/comments?post=6200"}],"version-history":[{"count":18,"href":"https:\/\/www.ligavpg.com\/blog\/wp-json\/wp\/v2\/pages\/6200\/revisions"}],"predecessor-version":[{"id":9959,"href":"https:\/\/www.ligavpg.com\/blog\/wp-json\/wp\/v2\/pages\/6200\/revisions\/9959"}],"wp:attachment":[{"href":"https:\/\/www.ligavpg.com\/blog\/wp-json\/wp\/v2\/media?parent=6200"}],"curies":[{"name":"wp","href":"https:\/\/api.w.org\/{rel}","templated":true}]}}