{"id":6277,"date":"2014-01-14T23:29:48","date_gmt":"2014-01-15T02:29:48","guid":{"rendered":"http:\/\/www.ligavpg.com\/blog\/?page_id=6277"},"modified":"2025-11-27T22:25:15","modified_gmt":"2025-11-28T01:25:15","slug":"protesto-ou-defesa-previa","status":"publish","type":"page","link":"https:\/\/www.ligavpg.com\/blog\/protesto-ou-defesa-previa\/","title":{"rendered":"Protesto, Defesa Pr\u00e9via ou Recurso"},"content":{"rendered":"<p style=\"text-align: justify;\">Caros pilotos,<\/p>\n<p style=\"text-align: justify;\">Gostar\u00edamos de apresentar a voc\u00eas os procedimentos de defesa pr\u00e9via, protesto e recursos para cada etapa dos nossos campeonatos na Liga VPG. Acreditamos na import\u00e2ncia de manter a competi\u00e7\u00e3o justa e garantir um ambiente de disputa saud\u00e1vel. Portanto, temos as seguintes diretrizes:<\/p>\n<p style=\"text-align: justify;\"><strong>Defesa Pr\u00e9via:<\/strong><\/p>\n<ul>\n<li style=\"text-align: justify;\">Ap\u00f3s uma etapa, se voc\u00ea estiver envolvido em um incidente que resulte em protesto por parte de outro piloto, voc\u00ea ter\u00e1 o direito de enviar sua Defesa Pr\u00e9via.<\/li>\n<li style=\"text-align: justify;\">A Defesa Pr\u00e9via deve ser enviada dentro do prazo de <span style=\"color: #ff9900;\"><strong>24 horas<\/strong><\/span> ap\u00f3s a conclus\u00e3o da etapa.<\/li>\n<li style=\"text-align: justify;\">\u00c9 essencial que voc\u00ea fa\u00e7a uma an\u00e1lise honesta e detalhada de sua participa\u00e7\u00e3o no incidente, fornecendo sua perspectiva dos acontecimentos.<br \/>\nCaso voc\u00ea n\u00e3o envie sua Defesa Pr\u00e9via dentro do prazo estabelecido e haja um protesto por parte da outra parte envolvida, as puni\u00e7\u00f5es aplicadas poder\u00e3o ser mais rigorosas.<\/li>\n<li style=\"text-align: justify;\">O recurso deve ser formalizado atrav\u00e9s do formul\u00e1rio: <a href=\"https:\/\/forms.gle\/H1MXW4e62TEMu7SL8\" target=\"_blank\" rel=\"noopener\">https:\/\/forms.gle\/H1MXW4e62TEMu7SL8<\/a><\/li>\n<\/ul>\n<p style=\"text-align: justify;\"><strong>Protestos:<\/strong><\/p>\n<ul>\n<li style=\"text-align: justify;\">Caso voc\u00ea identifique uma infra\u00e7\u00e3o cometida por outro piloto durante uma etapa, voc\u00ea tem o direito de apresentar um protesto.<\/li>\n<li style=\"text-align: justify;\">O protesto deve ser formalizado atrav\u00e9s do formul\u00e1rio: <a href=\"https:\/\/forms.gle\/H1MXW4e62TEMu7SL8\" target=\"_blank\" rel=\"noopener\">https:\/\/forms.gle\/H1MXW4e62TEMu7SL8<\/a><\/li>\n<li style=\"text-align: justify;\">O protesto deve ser feito dentro do prazo entre <strong><span style=\"color: #ff9900;\">24 e 48 horas<\/span><\/strong> ap\u00f3s a etapa.<\/li>\n<\/ul>\n<p style=\"text-align: justify;\"><strong>Recursos:<\/strong><\/p>\n<ul>\n<li style=\"text-align: justify;\">Se voc\u00ea n\u00e3o concordar com uma decis\u00e3o tomada pelos comiss\u00e1rios desportivos em rela\u00e7\u00e3o a um protesto, voc\u00ea tem o direito de recorrer.<\/li>\n<li style=\"text-align: justify;\">O recurso deve ser formalizado atrav\u00e9s do formul\u00e1rio: <a href=\"https:\/\/forms.gle\/H1MXW4e62TEMu7SL8\" target=\"_blank\" rel=\"noopener\">https:\/\/forms.gle\/H1MXW4e62TEMu7SL8<\/a><\/li>\n<li style=\"text-align: justify;\">\u00c9 essencial fornecer argumentos s\u00f3lidos e evid\u00eancias adicionais para apoiar seu recurso.<\/li>\n<li style=\"text-align: justify;\">O recurso deve ser apresentado dentro do prazo,<strong><span style=\"color: #ff9900;\"> at\u00e9 24h<\/span><\/strong> ap\u00f3s a publica\u00e7\u00e3o da penalidade.<\/li>\n<\/ul>\n<p style=\"text-align: justify;\">Ressaltamos que todos os protestos e recursos ser\u00e3o analisados com imparcialidade e rigor pelos nossos comiss\u00e1rios desportivos. Eles s\u00e3o respons\u00e1veis por garantir a aplica\u00e7\u00e3o justa das regras e a integridade da competi\u00e7\u00e3o.<\/p>\n<p style=\"text-align: justify;\">Agradecemos a compreens\u00e3o e colabora\u00e7\u00e3o de todos. Mantenham-se focados na disputa, respeitando os limites e o esp\u00edrito esportivo. Desejamos a todos uma temporada emocionante e justa!<\/p>\n<p>Atenciosamente,<br \/>\nAdministra\u00e7\u00e3o da Liga VPG<\/p>\n<p>&nbsp;<\/p>\n<hr \/>\n<h4><strong>Acompanhamento de Protestos e Recursos (<\/strong><strong>T4-2025)<\/strong><\/h4>\n<hr \/>\n<h4><span style=\"color: #ffff00;\"><strong>Categoria <\/strong><strong>VPG BTCC<\/strong><\/span><\/h4>\n<div class=\"su-expand su-expand-collapsed su-expand-link-style-default\" data-height=\"30\"><div class=\"su-expand-content su-u-trim\" style=\"color:#333333;max-height:30px;overflow:hidden\">\n<h4><strong>1\u00aa Etapa &#8211; Brands Hatch<\/strong><\/h4>\n<p><span style=\"color: #339966\"><strong>Sem Protestos<\/strong><\/span><\/p>\n<p>&nbsp;<\/p>\n<\/div><div class=\"su-expand-link su-expand-link-more\" style=\"text-align:left\"><a href=\"javascript:;\" style=\"color:#ff9900;border-color:#ff9900\"><i class=\"sui sui-plus\" style=\"\" aria-label=\"\"><\/i><span style=\"border-color:#ff9900\">Mostrar mais<\/span><\/a><\/div><div class=\"su-expand-link su-expand-link-less\" style=\"text-align:left\"><a href=\"javascript:;\" style=\"color:#ff9900;border-color:#ff9900\"><i class=\"sui sui-minus\" style=\"\" aria-label=\"\"><\/i><span style=\"border-color:#ff9900\">Mostrar menos<\/span><\/a><\/div><\/div>\n<div class=\"su-expand su-expand-collapsed su-expand-link-style-default\" data-height=\"30\"><div class=\"su-expand-content su-u-trim\" style=\"color:#333333;max-height:30px;overflow:hidden\">\n<h4><strong>2\u00aa Etapa &#8211; <\/strong>Homestead<\/h4>\n<p><span style=\"color: #339966\"><strong>Corrida 1<\/strong><\/span><\/p>\n<p><em><strong>Leonardo Sampaio X Dinomar Redfield<\/strong><\/em><\/p>\n<p>Leonardo Sampaio em disputa com Mike dos Santos e Dinomar Redfield, na frenagem da curva de entrada da reta oposta Dinomar Redfield erra a freiada, colidindo na\u00a0 traseira de Leonardo Sampaio , fazendo-o rodar e perder varias posi\u00e7\u00f5es.<\/p>\n<p>Dinomar Redfield fez o <strong>Fairplay<\/strong><\/p>\n<p><em><strong>Puni\u00e7\u00e3o &#8211; Dinomar Redfield<\/strong><\/em><\/p>\n<h5><strong>PENALIZA\u00c7\u00c3O M\u00c9DIA [15 segundos por ocorr\u00eancia ou 10 posi\u00e7\u00f5es no grid da prova seguinte do piloto na Liga]\n&#8211; 9.2.12. Bater em outro advers\u00e1rio por tr\u00e1s<br \/>\n<\/strong><\/h5>\n<p>Por ter praticado o Fairplay a puni\u00e7\u00e3o fica reduzida a 10 segundos, acrescidos ao tempo de prova.<br \/>\nO piloto recebe <em>3 pontos na carteira.<\/em><\/p>\n<p><span style=\"color: #339966\"><strong>Corrida 2<\/strong><\/span><\/p>\n<p><strong><em>Leonardo Sampaio X Mike dos Santos<\/em><\/strong><\/p>\n<p>Mike dos Santos sai de traseira na curva 2 ap\u00f3s tentar manobra de ultrapassagem, perdendo velocidade e saindo do tra\u00e7ado normal da pista. Ao tentar retornar ao tra\u00e7ado normal Mike dos Santos fecha muito a trajet\u00f3ria da curva colidindo com o carro de Fernando Bergesch que j\u00e1 se encontrava na trajet\u00f3ria da curva e n\u00e3o tinha mais espa\u00e7o para evitar o toque\u00a0 que ocasionou a colis\u00e3o com Leonardo Sampaio, fazendo o piloto rodar e causando graves danos no seu carro.<\/p>\n<p><em><strong>Puni\u00e7\u00e3o &#8211; Mike dos Santos<\/strong><\/em><\/p>\n<h5><strong>PENALIZA\u00c7\u00c3O GRAVE [20 segundos por ocorr\u00eancia, ou sem Qualy na prova seguinte do piloto na Liga VP]\n<\/strong><strong>9.2.8.3. N\u00e3o deixar espa\u00e7o para o colega na pista, em disputa, causando acidente com perda de posi\u00e7\u00e3o e\/ou avarias<\/strong><\/h5>\n<p>O piloto recebe 5<em>\u00a0pontos na carteira.<\/em><\/p>\n<\/div><div class=\"su-expand-link su-expand-link-more\" style=\"text-align:left\"><a href=\"javascript:;\" style=\"color:#ff9900;border-color:#ff9900\"><i class=\"sui sui-plus\" style=\"\" aria-label=\"\"><\/i><span style=\"border-color:#ff9900\">Mostrar mais<\/span><\/a><\/div><div class=\"su-expand-link su-expand-link-less\" style=\"text-align:left\"><a href=\"javascript:;\" style=\"color:#ff9900;border-color:#ff9900\"><i class=\"sui sui-minus\" style=\"\" aria-label=\"\"><\/i><span style=\"border-color:#ff9900\">Mostrar menos<\/span><\/a><\/div><\/div>\n<div class=\"su-expand su-expand-collapsed su-expand-link-style-default\" data-height=\"30\"><div class=\"su-expand-content su-u-trim\" style=\"color:#333333;max-height:30px;overflow:hidden\">\n<h4><strong>3\u00aa Etapa &#8211; Adria International<\/strong><\/h4>\n<p><span style=\"color: #339966\"><strong>Sem Protestos<\/strong><\/span><br \/>\n<\/div><div class=\"su-expand-link su-expand-link-more\" style=\"text-align:left\"><a href=\"javascript:;\" style=\"color:#ff9900;border-color:#ff9900\"><i class=\"sui sui-plus\" style=\"\" aria-label=\"\"><\/i><span style=\"border-color:#ff9900\">Mostrar mais<\/span><\/a><\/div><div class=\"su-expand-link su-expand-link-less\" style=\"text-align:left\"><a href=\"javascript:;\" style=\"color:#ff9900;border-color:#ff9900\"><i class=\"sui sui-minus\" style=\"\" aria-label=\"\"><\/i><span style=\"border-color:#ff9900\">Mostrar menos<\/span><\/a><\/div><\/div>\n<div class=\"su-expand su-expand-collapsed su-expand-link-style-default\" data-height=\"30\"><div class=\"su-expand-content su-u-trim\" style=\"color:#333333;max-height:30px;overflow:hidden\">\n<h4><strong>4\u00aa Etapa &#8211; Guapor\u00e9<br \/>\n<\/strong><br \/>\n<span style=\"color: #339966\"><strong>Sem Protestos<\/strong><\/span><br \/>\n<\/div><div class=\"su-expand-link su-expand-link-more\" style=\"text-align:left\"><a href=\"javascript:;\" style=\"color:#ff9900;border-color:#ff9900\"><i class=\"sui sui-plus\" style=\"\" aria-label=\"\"><\/i><span style=\"border-color:#ff9900\">Mostrar mais<\/span><\/a><\/div><div class=\"su-expand-link su-expand-link-less\" style=\"text-align:left\"><a href=\"javascript:;\" style=\"color:#ff9900;border-color:#ff9900\"><i class=\"sui sui-minus\" style=\"\" aria-label=\"\"><\/i><span style=\"border-color:#ff9900\">Mostrar menos<\/span><\/a><\/div><\/div><\/h4>\n<div class=\"su-expand su-expand-collapsed su-expand-link-style-default\" data-height=\"30\"><div class=\"su-expand-content su-u-trim\" style=\"color:#333333;max-height:30px;overflow:hidden\">\n<h4><strong>5\u00aa Etapa &#8211; Kyalami\u00a0<\/strong><\/h4>\n<p>&nbsp;<\/p>\n<\/div><div class=\"su-expand-link su-expand-link-more\" style=\"text-align:left\"><a href=\"javascript:;\" style=\"color:#ff9900;border-color:#ff9900\"><i class=\"sui sui-plus\" style=\"\" aria-label=\"\"><\/i><span style=\"border-color:#ff9900\">Mostrar mais<\/span><\/a><\/div><div class=\"su-expand-link su-expand-link-less\" style=\"text-align:left\"><a href=\"javascript:;\" style=\"color:#ff9900;border-color:#ff9900\"><i class=\"sui sui-minus\" style=\"\" aria-label=\"\"><\/i><span style=\"border-color:#ff9900\">Mostrar menos<\/span><\/a><\/div><\/div>\n<p>&nbsp;<\/p>\n<p>&nbsp;<\/p>\n<hr \/>\n<p>&nbsp;<\/p>\n<h4><span style=\"color: #00ffff;\"><strong>Categoria GT500<\/strong><\/span><\/h4>\n<div class=\"su-expand su-expand-collapsed su-expand-link-style-default\" data-height=\"30\"><div class=\"su-expand-content su-u-trim\" style=\"color:#333333;max-height:30px;overflow:hidden\">\n<h4><strong>1\u00aa Etapa &#8211; Indianapolis<\/strong><\/h4>\n<p><span style=\"color: #3366ff\"><b>\u2013 Sem Protestos<\/b><\/span><\/p>\n<\/div><div class=\"su-expand-link su-expand-link-more\" style=\"text-align:left\"><a href=\"javascript:;\" style=\"color:#ff9900;border-color:#ff9900\"><i class=\"sui sui-plus\" style=\"\" aria-label=\"\"><\/i><span style=\"border-color:#ff9900\">Mostrar mais<\/span><\/a><\/div><div class=\"su-expand-link su-expand-link-less\" style=\"text-align:left\"><a href=\"javascript:;\" style=\"color:#ff9900;border-color:#ff9900\"><i class=\"sui sui-minus\" style=\"\" aria-label=\"\"><\/i><span style=\"border-color:#ff9900\">Mostrar menos<\/span><\/a><\/div><\/div>\n<div class=\"su-expand su-expand-collapsed su-expand-link-style-default\" data-height=\"30\"><div class=\"su-expand-content su-u-trim\" style=\"color:#333333;max-height:30px;overflow:hidden\">\n<h4><strong>2\u00aa Etapa &#8211; Istambul<\/strong><\/h4>\n<p><span style=\"color: #3366ff\"><b>\u2013 Sem Protestos<\/b><\/span><\/p>\n<\/div><div class=\"su-expand-link su-expand-link-more\" style=\"text-align:left\"><a href=\"javascript:;\" style=\"color:#ff9900;border-color:#ff9900\"><i class=\"sui sui-plus\" style=\"\" aria-label=\"\"><\/i><span style=\"border-color:#ff9900\">Mostrar mais<\/span><\/a><\/div><div class=\"su-expand-link su-expand-link-less\" style=\"text-align:left\"><a href=\"javascript:;\" style=\"color:#ff9900;border-color:#ff9900\"><i class=\"sui sui-minus\" style=\"\" aria-label=\"\"><\/i><span style=\"border-color:#ff9900\">Mostrar menos<\/span><\/a><\/div><\/div>\n<div class=\"su-expand su-expand-collapsed su-expand-link-style-default\" data-height=\"30\"><div class=\"su-expand-content su-u-trim\" style=\"color:#333333;max-height:30px;overflow:hidden\">\n<h4><strong>3\u00aa Etapa &#8211; Mugello<\/strong><\/h4>\n<p><span style=\"color: #3366ff\"><b>\u2013 Sem Protestos<\/b><\/span><\/p>\n<p>&nbsp;<\/p>\n<\/div><div class=\"su-expand-link su-expand-link-more\" style=\"text-align:left\"><a href=\"javascript:;\" style=\"color:#ff9900;border-color:#ff9900\"><i class=\"sui sui-plus\" style=\"\" aria-label=\"\"><\/i><span style=\"border-color:#ff9900\">Mostrar mais<\/span><\/a><\/div><div class=\"su-expand-link su-expand-link-less\" style=\"text-align:left\"><a href=\"javascript:;\" style=\"color:#ff9900;border-color:#ff9900\"><i class=\"sui sui-minus\" style=\"\" aria-label=\"\"><\/i><span style=\"border-color:#ff9900\">Mostrar menos<\/span><\/a><\/div><\/div>\n<div class=\"su-expand su-expand-collapsed su-expand-link-style-default\" data-height=\"30\"><div class=\"su-expand-content su-u-trim\" style=\"color:#333333;max-height:30px;overflow:hidden\">\n<h4><strong>4\u00aa Etapa &#8211; Sochi<\/strong><\/h4>\n<h4><span style=\"color: #3366ff\"><b>\u2013 Sem Protestos <\/b><\/span><\/h4>\n<\/div><div class=\"su-expand-link su-expand-link-more\" style=\"text-align:left\"><a href=\"javascript:;\" style=\"color:#ff9900;border-color:#ff9900\"><i class=\"sui sui-plus\" style=\"\" aria-label=\"\"><\/i><span style=\"border-color:#ff9900\">Mostrar mais<\/span><\/a><\/div><div class=\"su-expand-link su-expand-link-less\" style=\"text-align:left\"><a href=\"javascript:;\" style=\"color:#ff9900;border-color:#ff9900\"><i class=\"sui sui-minus\" style=\"\" aria-label=\"\"><\/i><span style=\"border-color:#ff9900\">Mostrar menos<\/span><\/a><\/div><\/div>\n<div class=\"su-expand su-expand-collapsed su-expand-link-style-default\" data-height=\"30\"><div class=\"su-expand-content su-u-trim\" style=\"color:#333333;max-height:30px;overflow:hidden\">\n<h4><strong>5\u00aa Etapa &#8211; Road Am\u00e9rica<\/strong><\/h4>\n<h4><span style=\"color: #3366ff\"><b>\u2013 Sem Protestos <\/b><\/span><\/h4>\n<\/div><div class=\"su-expand-link su-expand-link-more\" style=\"text-align:left\"><a href=\"javascript:;\" style=\"color:#ff9900;border-color:#ff9900\"><i class=\"sui sui-plus\" style=\"\" aria-label=\"\"><\/i><span style=\"border-color:#ff9900\">Mostrar mais<\/span><\/a><\/div><div class=\"su-expand-link su-expand-link-less\" style=\"text-align:left\"><a href=\"javascript:;\" style=\"color:#ff9900;border-color:#ff9900\"><i class=\"sui sui-minus\" style=\"\" aria-label=\"\"><\/i><span style=\"border-color:#ff9900\">Mostrar menos<\/span><\/a><\/div><\/div>\n","protected":false},"excerpt":{"rendered":"<p>Caros pilotos, Gostar\u00edamos de apresentar a voc\u00eas os procedimentos de defesa pr\u00e9via, protesto e recursos para cada etapa dos nossos campeonatos na Liga VPG. Acreditamos na import\u00e2ncia de manter a competi\u00e7\u00e3o justa e garantir um ambiente de disputa saud\u00e1vel. Portanto, temos as seguintes diretrizes: Defesa Pr\u00e9via: Ap\u00f3s uma etapa, se voc\u00ea estiver envolvido em um [&hellip;]<\/p>\n","protected":false},"author":7,"featured_media":15483,"parent":0,"menu_order":0,"comment_status":"open","ping_status":"open","template":"","meta":{"_monsterinsights_skip_tracking":false,"_monsterinsights_sitenote_active":false,"_monsterinsights_sitenote_note":"","_monsterinsights_sitenote_category":0,"footnotes":""},"class_list":["post-6277","page","type-page","status-publish","has-post-thumbnail","hentry"],"_links":{"self":[{"href":"https:\/\/www.ligavpg.com\/blog\/wp-json\/wp\/v2\/pages\/6277","targetHints":{"allow":["GET"]}}],"collection":[{"href":"https:\/\/www.ligavpg.com\/blog\/wp-json\/wp\/v2\/pages"}],"about":[{"href":"https:\/\/www.ligavpg.com\/blog\/wp-json\/wp\/v2\/types\/page"}],"author":[{"embeddable":true,"href":"https:\/\/www.ligavpg.com\/blog\/wp-json\/wp\/v2\/users\/7"}],"replies":[{"embeddable":true,"href":"https:\/\/www.ligavpg.com\/blog\/wp-json\/wp\/v2\/comments?post=6277"}],"version-history":[{"count":191,"href":"https:\/\/www.ligavpg.com\/blog\/wp-json\/wp\/v2\/pages\/6277\/revisions"}],"predecessor-version":[{"id":17173,"href":"https:\/\/www.ligavpg.com\/blog\/wp-json\/wp\/v2\/pages\/6277\/revisions\/17173"}],"wp:featuredmedia":[{"embeddable":true,"href":"https:\/\/www.ligavpg.com\/blog\/wp-json\/wp\/v2\/media\/15483"}],"wp:attachment":[{"href":"https:\/\/www.ligavpg.com\/blog\/wp-json\/wp\/v2\/media?parent=6277"}],"curies":[{"name":"wp","href":"https:\/\/api.w.org\/{rel}","templated":true}]}}